{"id":308,"date":"2020-01-13T11:17:52","date_gmt":"2020-01-13T11:17:52","guid":{"rendered":"https:\/\/demosites.io\/web-agency-gb\/?page_id=5"},"modified":"2024-02-22T11:07:19","modified_gmt":"2024-02-22T10:07:19","slug":"15c42-web-agency-gb-home","status":"publish","type":"page","link":"https:\/\/www.boramex.pl\/","title":{"rendered":"Home"},"content":{"rendered":"\n<div class=\"wp-block-cover is-light\" style=\"min-height:451px;aspect-ratio:unset;\"><span aria-hidden=\"true\" class=\"wp-block-cover__background has-background-dim-20 has-background-dim\"><\/span><img loading=\"lazy\" decoding=\"async\" width=\"2560\" height=\"1031\" class=\"wp-block-cover__image-background wp-image-459\" alt=\"\" src=\"http:\/\/www.boramex.pl\/wp-content\/uploads\/2022\/09\/1-scaled.jpg\" style=\"object-position:50% 94%\" data-object-fit=\"cover\" data-object-position=\"50% 94%\" srcset=\"https:\/\/www.boramex.pl\/wp-content\/uploads\/2022\/09\/1-scaled.jpg 2560w, https:\/\/www.boramex.pl\/wp-content\/uploads\/2022\/09\/1-300x121.jpg 300w, https:\/\/www.boramex.pl\/wp-content\/uploads\/2022\/09\/1-1024x413.jpg 1024w, https:\/\/www.boramex.pl\/wp-content\/uploads\/2022\/09\/1-768x309.jpg 768w, https:\/\/www.boramex.pl\/wp-content\/uploads\/2022\/09\/1-1536x619.jpg 1536w, https:\/\/www.boramex.pl\/wp-content\/uploads\/2022\/09\/1-2048x825.jpg 2048w\" sizes=\"(max-width: 2560px) 100vw, 2560px\" \/><div class=\"wp-block-cover__inner-container is-layout-flow wp-block-cover-is-layout-flow\">\n<p class=\"has-text-align-right has-nv-dark-bg-color has-text-color\" style=\"font-size:60px\"><\/p>\n<\/div><\/div>\n\n\n\n<div style=\"height:31px\" aria-hidden=\"true\" class=\"wp-block-spacer\"><\/div>\n\n\n\n<div class=\"wp-block-columns is-layout-flex wp-container-core-columns-is-layout-1 wp-block-columns-is-layout-flex\">\n<div class=\"wp-block-column is-layout-flow wp-block-column-is-layout-flow\">\n<div style=\"height:35px\" aria-hidden=\"true\" class=\"wp-block-spacer\"><\/div>\n\n\n<div class=\"wp-block-image icon-style is-style-rounded\">\n<figure class=\"aligncenter size-thumbnail is-resized\"><img loading=\"lazy\" decoding=\"async\" src=\"http:\/\/www.boramex.pl\/wp-content\/uploads\/2022\/09\/ripe-corn-150x150.jpg\" alt=\"\" class=\"wp-image-369\" width=\"75\" height=\"75\" title=\"\"\/><\/figure><\/div>\n\n\n<h3 class=\"wp-block-heading has-text-align-center has-neve-text-color-color has-text-color\">Chrupki kukurydziane<\/h3>\n\n\n\n<p class=\"has-text-align-center\">S\u0105 od lat znane i cenione na rynkach ca\u0142ej Polski.<br>Jako produkt przek\u0105skowy mog\u0105 by\u0107 jednym z podstawowych sk\u0142adnik\u00f3w diet niskosodowej,<br>bezglutenowej i cukrzycowej.<br>Przeci\u0119tnie spo\u017cywana porcja dostarcza<br>25% dziennego zapotrzebowania organizmu na witaminy z grupy B, witamin\u0105 A oraz Selen.<\/p>\n<\/div>\n\n\n\n<div class=\"wp-block-column has-background is-layout-flow wp-block-column-is-layout-flow\" style=\"background:linear-gradient(90deg,rgb(252,185,0) 100%,rgb(255,105,0) 100%)\">\n<div style=\"height:35px\" aria-hidden=\"true\" class=\"wp-block-spacer\"><\/div>\n\n\n<div class=\"wp-block-image icon-style is-style-rounded\">\n<figure class=\"aligncenter size-thumbnail is-resized\"><img loading=\"lazy\" decoding=\"async\" src=\"http:\/\/www.boramex.pl\/wp-content\/uploads\/2022\/09\/ripe-corn-150x150.jpg\" alt=\"\" class=\"wp-image-369\" width=\"75\" height=\"75\"\/><\/figure><\/div>\n\n\n<h3 class=\"wp-block-heading has-text-align-center has-neve-text-color-color has-text-color\">W\u0142asna marka<\/h3>\n\n\n\n<p class=\"has-text-align-center\">Jest atutem regionalnych producent\u00f3w, dystrybutor\u00f3w i sieci handlowych,<br>kt\u00f3re maj\u0105 ch\u0119\u0107 posiadania naszych produkt\u00f3w.<\/p>\n\n\n\n<div style=\"height:20px\" aria-hidden=\"true\" class=\"wp-block-spacer\"><\/div>\n<\/div>\n\n\n\n<div class=\"wp-block-column is-layout-flow wp-block-column-is-layout-flow\">\n<div style=\"height:35px\" aria-hidden=\"true\" class=\"wp-block-spacer\"><\/div>\n\n\n<div class=\"wp-block-image icon-style is-style-rounded\">\n<figure class=\"aligncenter size-thumbnail is-resized\"><img loading=\"lazy\" decoding=\"async\" src=\"http:\/\/www.boramex.pl\/wp-content\/uploads\/2022\/09\/ripe-corn-150x150.jpg\" alt=\"\" class=\"wp-image-369\" width=\"75\" height=\"75\"\/><\/figure><\/div>\n\n\n<h3 class=\"wp-block-heading has-text-align-center has-neve-text-color-color has-text-color\">Dzia\u0142amy niezmiennie od 1982 roku.<\/h3>\n\n\n\n<p class=\"has-text-align-center\">Od samego pocz\u0105tku g\u0142\u00f3wnym celem firmy by\u0142o dostarczenie klientom tradycyjnych chrupek o naturalnym smaku i o najwy\u017cszej jako\u015bci.<\/p>\n\n\n\n<div style=\"height:20px\" aria-hidden=\"true\" class=\"wp-block-spacer\"><\/div>\n<\/div>\n<\/div>\n\n\n\n<div class=\"wp-block-cover alignfull\" style=\"min-height:600px;aspect-ratio:unset;\"><span aria-hidden=\"true\" class=\"wp-block-cover__background has-nv-light-bg-background-color has-background-dim-100 has-background-dim\"><\/span><div class=\"wp-block-cover__inner-container is-layout-flow wp-block-cover-is-layout-flow\">\n<div class=\"wp-block-group\"><div class=\"wp-block-group__inner-container is-layout-flow wp-block-group-is-layout-flow\">\n<div style=\"height:40px\" aria-hidden=\"true\" class=\"wp-block-spacer\"><\/div>\n\n\n\n<div class=\"wp-block-columns are-vertically-aligned-center is-layout-flex wp-container-core-columns-is-layout-2 wp-block-columns-is-layout-flex\">\n<div class=\"wp-block-column is-vertically-aligned-center is-layout-flow wp-block-column-is-layout-flow\" style=\"flex-basis:50%\">\n<figure class=\"wp-block-image size-full\"><img loading=\"lazy\" decoding=\"async\" width=\"547\" height=\"300\" src=\"http:\/\/www.boramex.pl\/wp-content\/uploads\/2022\/09\/chrupki.jpg\" alt=\"\" class=\"wp-image-417\" srcset=\"https:\/\/www.boramex.pl\/wp-content\/uploads\/2022\/09\/chrupki.jpg 547w, https:\/\/www.boramex.pl\/wp-content\/uploads\/2022\/09\/chrupki-300x165.jpg 300w\" sizes=\"(max-width: 547px) 100vw, 547px\" \/><\/figure>\n<\/div>\n\n\n\n<div class=\"wp-block-column is-vertically-aligned-center is-layout-flow wp-block-column-is-layout-flow\" style=\"flex-basis:50%\">\n<div style=\"height:20px\" aria-hidden=\"true\" class=\"wp-block-spacer\"><\/div>\n\n\n\n<h2 class=\"wp-block-heading has-text-align-left has-neve-text-color-color has-text-color\">Nasza oferta<\/h2>\n\n\n\n<p class=\"has-nv-dark-bg-color has-text-color\">Zajmujemy si\u0119 produkcj\u0105 najwy\u017cszej jako\u015bci wyrob\u00f3w z ziarna kukurydzy \u2013<br>chrupek kukurydzianych o niespotykanych kszta\u0142tach i wzorach.<br>Nasze w\u0142asnej produkcji maszyny oraz powstaj\u0105ce z nich ekstrudowane wyroby produkowane s\u0105 w oparciu o w\u0142asn\u0105 technologi\u0119.<br>Stwarzamy szerokie mo\u017cliwo\u015bci zaspokojenia potrzeb i upodoba\u0144 wsp\u00f3\u0142czesnego spo\u0142ecze\u0144stwa, bowiem s\u0105 to bardzo atrakcyjne,<br>wysokiej jako\u015bci produkty, kt\u00f3re maj\u0105 wiele zalet i ciesz\u0105 si\u0119 niezmiennym zainteresowaniem naszych odbiorc\u00f3w i konsument\u00f3w.<\/p>\n\n\n\n<div class=\"wp-block-buttons is-horizontal is-content-justification-left is-layout-flex wp-container-core-buttons-is-layout-1 wp-block-buttons-is-layout-flex\">\n<div class=\"wp-block-button is-style-primary\"><a class=\"wp-block-button__link wp-element-button\" href=\"http:\/\/www.boramex.pl\/?page_id=69\">PRODUKTY NATURALNE<\/a><\/div>\n\n\n\n<div class=\"wp-block-button is-style-primary\"><a class=\"wp-block-button__link wp-element-button\" href=\"http:\/\/www.boramex.pl\/?page_id=393\">PRODUKTY SMAKOWE<\/a><\/div>\n<\/div>\n<\/div>\n<\/div>\n\n\n\n<div style=\"height:40px\" aria-hidden=\"true\" class=\"wp-block-spacer\"><\/div>\n<\/div><\/div>\n<\/div><\/div>\n\n\n\n<div class=\"wp-block-cover alignfull\" style=\"min-height:600px;aspect-ratio:unset;\"><span aria-hidden=\"true\" class=\"wp-block-cover__background has-nv-site-bg-background-color has-background-dim-100 has-background-dim\"><\/span><div class=\"wp-block-cover__inner-container is-layout-flow wp-block-cover-is-layout-flow\">\n<div class=\"wp-block-group\"><div class=\"wp-block-group__inner-container is-layout-flow wp-block-group-is-layout-flow\">\n<div style=\"height:40px\" aria-hidden=\"true\" class=\"wp-block-spacer\"><\/div>\n\n\n\n<div class=\"wp-block-columns are-vertically-aligned-center is-layout-flex wp-container-core-columns-is-layout-3 wp-block-columns-is-layout-flex\">\n<div class=\"wp-block-column is-vertically-aligned-center is-layout-flow wp-block-column-is-layout-flow\" style=\"flex-basis:50%\">\n<h2 class=\"wp-block-heading has-text-align-left has-neve-text-color-color has-text-color\">O naszej firmie<\/h2>\n\n\n\n<p class=\"has-nv-dark-bg-color has-text-color\">Firma BORAMEX niezmiennie dzia\u0142a od 1982 roku.<br>Od samego pocz\u0105tku g\u0142\u00f3wnym celem firmy by\u0142o dostarczenie klientom tradycyjnych chrupek o naturalnym smaku i o najwy\u017cszej jako\u015bci.<br>To co jest najwa\u017cniejsze produkty naturalnie Zdrowe.<br>Firma zarejestrowana w 21.09.1982 i rozpocz\u0119\u0142a swoj\u0105 dzia\u0142alno\u015b\u0107 w Ole\u015bnicy.<\/p>\n\n\n\n<div class=\"wp-block-buttons is-horizontal is-content-justification-left is-layout-flex wp-container-core-buttons-is-layout-2 wp-block-buttons-is-layout-flex\">\n<div class=\"wp-block-button is-style-primary\"><a class=\"wp-block-button__link wp-element-button\" href=\"http:\/\/www.boramex.pl\/?page_id=61\">DOWIEDZ SI\u0118 WI\u0118CEJ<\/a><\/div>\n<\/div>\n\n\n\n<div style=\"height:40px\" aria-hidden=\"true\" class=\"wp-block-spacer\"><\/div>\n<\/div>\n\n\n\n<div class=\"wp-block-column is-vertically-aligned-center is-layout-flow wp-block-column-is-layout-flow\" style=\"flex-basis:50%\">\n<figure class=\"wp-block-image size-full\"><img loading=\"lazy\" decoding=\"async\" width=\"547\" height=\"300\" src=\"http:\/\/www.boramex.pl\/wp-content\/uploads\/2022\/09\/kolorowe.jpg\" alt=\"\" class=\"wp-image-450\" srcset=\"https:\/\/www.boramex.pl\/wp-content\/uploads\/2022\/09\/kolorowe.jpg 547w, https:\/\/www.boramex.pl\/wp-content\/uploads\/2022\/09\/kolorowe-300x165.jpg 300w\" sizes=\"(max-width: 547px) 100vw, 547px\" \/><\/figure>\n<\/div>\n<\/div>\n\n\n\n<div style=\"height:9px\" aria-hidden=\"true\" class=\"wp-block-spacer\"><\/div>\n<\/div><\/div>\n<\/div><\/div>\n\n\n<div class=\"wp-block-image\">\n<figure class=\"aligncenter size-full is-resized\"><img loading=\"lazy\" decoding=\"async\" src=\"https:\/\/www.boramex.pl\/wp-content\/uploads\/2024\/02\/corn.png\" alt=\"\" class=\"wp-image-820\" width=\"718\" height=\"432\" srcset=\"https:\/\/www.boramex.pl\/wp-content\/uploads\/2024\/02\/corn.png 564w, https:\/\/www.boramex.pl\/wp-content\/uploads\/2024\/02\/corn-300x180.png 300w\" sizes=\"(max-width: 718px) 100vw, 718px\" \/><\/figure><\/div>\n\n\n<div class=\"wp-block-cover alignfull\" style=\"min-height:300px;aspect-ratio:unset;\"><span aria-hidden=\"true\" class=\"wp-block-cover__background has-nv-dark-bg-background-color has-background-dim-100 has-background-dim\"><\/span><div class=\"wp-block-cover__inner-container is-layout-flow wp-block-cover-is-layout-flow\">\n<div style=\"height:60px\" aria-hidden=\"true\" class=\"wp-block-spacer\"><\/div>\n\n\n\n<h2 class=\"wp-block-heading has-text-align-center has-nv-text-dark-bg-color has-text-color\">Wsp\u00f3\u0142praca<\/h2>\n\n\n\n<p class=\"has-text-align-center\">Sprzeda\u017c i Dystrybucja produkt\u00f3w do odbiorc\u00f3w w zale\u017cno\u015bci od Um\u00f3w \/ Kontrakt\u00f3w \/ Spot\u00f3w \/ IN-AUT, odbywa si\u0119 naszym transportem oraz wsp\u00f3\u0142pracujemy z zewn\u0119trznymi przewo\u017anikami.<br>Wsp\u00f3\u0142pracujemy z wieloma sieciami sklep\u00f3w z ka\u017cdym formatem odbiorc\u00f3w od sklepik\u00f3w osiedlowych po du\u017ce sieci handlowe:<br>Bierzemy udzia\u0142 w promocjach gazetkowych oraz r\u00f3\u017cnego typu dzia\u0142aniach marketingowych.<br>Wsp\u00f3\u0142pracujemy r\u00f3wnie\u017c z hurtowniami oraz firmami z zagranicznymi.<br><\/p>\n\n\n\n<div class=\"wp-block-buttons is-horizontal is-content-justification-center is-layout-flex wp-container-core-buttons-is-layout-3 wp-block-buttons-is-layout-flex\">\n<div class=\"wp-block-button is-style-primary\"><a class=\"wp-block-button__link wp-element-button\" href=\"http:\/\/www.boramex.pl\/?page_id=431\">DOWIEDZ SI\u0118 WI\u0118CEJ<\/a><\/div>\n<\/div>\n\n\n\n<div style=\"height:50px\" aria-hidden=\"true\" class=\"wp-block-spacer\"><\/div>\n<\/div><\/div>\n","protected":false},"excerpt":{"rendered":"<p>Chrupki kukurydziane S\u0105 od lat znane i cenione na rynkach ca\u0142ej Polski.Jako produkt przek\u0105skowy mog\u0105 by\u0107 jednym z podstawowych sk\u0142adnik\u00f3w diet niskosodowej,bezglutenowej i cukrzycowej.Przeci\u0119tnie spo\u017cywana porcja dostarcza25% dziennego zapotrzebowania organizmu na witaminy z grupy B, witamin\u0105 A oraz Selen. W\u0142asna marka Jest atutem regionalnych producent\u00f3w, dystrybutor\u00f3w i sieci handlowych,kt\u00f3re maj\u0105 ch\u0119\u0107 posiadania naszych produkt\u00f3w. Dzia\u0142amy&hellip;&nbsp;<a href=\"https:\/\/www.boramex.pl\/\" class=\"\" rel=\"bookmark\">Dowiedz si\u0119 wi\u0119cej &raquo;<span class=\"screen-reader-text\">Home<\/span><\/a><\/p>\n","protected":false},"author":1,"featured_media":0,"parent":0,"menu_order":0,"comment_status":"closed","ping_status":"closed","template":"","meta":{"neve_meta_sidebar":"default","neve_meta_container":"default","neve_meta_enable_content_width":"on","neve_meta_content_width":100,"neve_meta_title_alignment":"","neve_meta_author_avatar":"","neve_post_elements_order":"","neve_meta_disable_header":"","neve_meta_disable_footer":"","neve_meta_disable_title":"on","_ti_tpc_template_sync":false,"_ti_tpc_template_id":"cwhkd9lki581rusuhjti","footnotes":""},"class_list":["post-308","page","type-page","status-publish","hentry"],"_links":{"self":[{"href":"https:\/\/www.boramex.pl\/index.php?rest_route=\/wp\/v2\/pages\/308"}],"collection":[{"href":"https:\/\/www.boramex.pl\/index.php?rest_route=\/wp\/v2\/pages"}],"about":[{"href":"https:\/\/www.boramex.pl\/index.php?rest_route=\/wp\/v2\/types\/page"}],"author":[{"embeddable":true,"href":"https:\/\/www.boramex.pl\/index.php?rest_route=\/wp\/v2\/users\/1"}],"replies":[{"embeddable":true,"href":"https:\/\/www.boramex.pl\/index.php?rest_route=%2Fwp%2Fv2%2Fcomments&post=308"}],"version-history":[{"count":41,"href":"https:\/\/www.boramex.pl\/index.php?rest_route=\/wp\/v2\/pages\/308\/revisions"}],"predecessor-version":[{"id":822,"href":"https:\/\/www.boramex.pl\/index.php?rest_route=\/wp\/v2\/pages\/308\/revisions\/822"}],"wp:attachment":[{"href":"https:\/\/www.boramex.pl\/index.php?rest_route=%2Fwp%2Fv2%2Fmedia&parent=308"}],"curies":[{"name":"wp","href":"https:\/\/api.w.org\/{rel}","templated":true}]}}