{"id":431,"date":"2022-09-14T13:37:23","date_gmt":"2022-09-14T11:37:23","guid":{"rendered":"http:\/\/www.boramex.pl\/?page_id=431"},"modified":"2022-10-19T12:23:21","modified_gmt":"2022-10-19T10:23:21","slug":"wspolpraca","status":"publish","type":"page","link":"https:\/\/www.boramex.pl\/?page_id=431","title":{"rendered":"Wsp\u00f3\u0142praca"},"content":{"rendered":"\n<div class=\"wp-block-cover alignfull\" style=\"min-height:600px;aspect-ratio:unset;\"><span aria-hidden=\"true\" class=\"wp-block-cover__background has-nv-light-bg-background-color has-background-dim-100 has-background-dim\"><\/span><div class=\"wp-block-cover__inner-container is-layout-flow wp-block-cover-is-layout-flow\">\n<div class=\"wp-block-group\"><div class=\"wp-block-group__inner-container is-layout-flow wp-block-group-is-layout-flow\">\n<div class=\"wp-block-media-text alignwide is-stacked-on-mobile\" style=\"grid-template-columns:37% auto\"><figure class=\"wp-block-media-text__media\"><img loading=\"lazy\" decoding=\"async\" width=\"951\" height=\"768\" src=\"http:\/\/www.boramex.pl\/wp-content\/uploads\/2022\/09\/karton-36-szt-foto.jpg\" alt=\"\" class=\"wp-image-466 size-thumbnail\" srcset=\"https:\/\/www.boramex.pl\/wp-content\/uploads\/2022\/09\/karton-36-szt-foto.jpg 951w, https:\/\/www.boramex.pl\/wp-content\/uploads\/2022\/09\/karton-36-szt-foto-300x242.jpg 300w, https:\/\/www.boramex.pl\/wp-content\/uploads\/2022\/09\/karton-36-szt-foto-768x620.jpg 768w\" sizes=\"(max-width: 951px) 100vw, 951px\" \/><\/figure><div class=\"wp-block-media-text__content\">\n<p class=\"has-nv-dark-bg-color has-text-color\">Sprzeda\u017c i Dystrybucja produkt\u00f3w do odbiorc\u00f3w w zale\u017cno\u015bci od Um\u00f3w \/ Kontrakt\u00f3w \/ Spot\u00f3w \/ IN-AUT, odbywa si\u0119 naszym transportem oraz<br>wsp\u00f3\u0142pracujemy z zewn\u0119trznymi przewo\u017anikami.<br>Wsp\u00f3\u0142pracujemy z wieloma sieciami sklep\u00f3w z ka\u017cdym formatem odbiorc\u00f3w od sklepik\u00f3w osiedlowych po du\u017ce sieci handlowe:<br>Bierzemy udzia\u0142 w promocjach gazetkowych oraz r\u00f3\u017cnego typu dzia\u0142aniach marketingowych.<br>Wsp\u00f3\u0142pracujemy r\u00f3wnie\u017c z hurtowniami oraz firmami z zagranicznymi.<br>Nasza firma lubi wyzwania i potrafi dostosowa\u0107 si\u0119 do wymaga\u0144 odbiorc\u00f3w.<br>Maj\u0105c na uwadze rozw\u00f3j naszej firmy oraz rozpoznawalno\u015b\u0107 naszych produkt\u00f3w zapraszamy do wsp\u00f3\u0142pracy hurtownie i sieci handlowe.<br>Wsp\u00f3\u0142praca z nasz\u0105 firm\u0105 wspiera Polsk\u0105 Gospodark\u0119 daj\u0105c prac\u0119 polskim pracownikom.<br>Jako Zak\u0142ad Pracy Chronionej informujemy, \u017ce wsp\u00f3\u0142praca z nasz\u0105 firm\u0105 umo\u017cliwia stosowanie odpis\u00f3w od kwoty przesy\u0142anych miesi\u0119cznych na PFRON.<br>Wysoko\u015b\u0107 w\/w odpis\u00f3w zale\u017cy jest od wielko\u015bci obrotu netto mi\u0119dzy naszymi firmami i wynosi ok. 25%.- \u015brednio roczny wsp\u00f3\u0142czynnik.<\/p>\n<\/div><\/div>\n<\/div><\/div>\n<\/div><\/div>\n\n\n\n<div class=\"wp-block-media-text alignwide has-media-on-the-right is-stacked-on-mobile\" style=\"grid-template-columns:auto 42%\"><figure class=\"wp-block-media-text__media\"><img loading=\"lazy\" decoding=\"async\" width=\"644\" height=\"659\" src=\"http:\/\/www.boramex.pl\/wp-content\/uploads\/2022\/10\/stojak-3.png\" alt=\"\" class=\"wp-image-586 size-full\" srcset=\"https:\/\/www.boramex.pl\/wp-content\/uploads\/2022\/10\/stojak-3.png 644w, https:\/\/www.boramex.pl\/wp-content\/uploads\/2022\/10\/stojak-3-293x300.png 293w\" sizes=\"(max-width: 644px) 100vw, 644px\" \/><\/figure><div class=\"wp-block-media-text__content\">\n<p><strong>Dla dostawc\u00f3w:<\/strong><br>Nasza firma poszukuje najlepszych ofert na podane poni\u017cej produkty:<br>Folia Pakowa \u2013 Strecz \u2013 r\u0119czna 2,5- 3,5kg,<br>Folia Pakowa &#8211; Strecz \u2013 maszynowy 8-15 kg<br>Folia Propyl \u2013 etylenowa \u2013 r\u00f3\u017cne rozmiary<br>Fila polipropylenowa z nadrukiem 4-6 kolor r\u00f3\u017cne rozmiary<br>Palety Euro oraz palety jednorazowe<br>Posypki Smakowe Bez Glutenu<br>Etykiety 100&#215;50  + Ta\u015bma TTR do etykiet<\/p>\n<\/div><\/div>\n","protected":false},"excerpt":{"rendered":"<p>Dla dostawc\u00f3w:Nasza firma poszukuje najlepszych ofert na podane poni\u017cej produkty:Folia Pakowa \u2013 Strecz \u2013 r\u0119czna 2,5- 3,5kg,Folia Pakowa &#8211; Strecz \u2013 maszynowy 8-15 kgFolia Propyl \u2013 etylenowa \u2013 r\u00f3\u017cne rozmiaryFila polipropylenowa z nadrukiem 4-6 kolor r\u00f3\u017cne rozmiaryPalety Euro oraz palety jednorazowePosypki Smakowe Bez GlutenuEtykiety 100&#215;50 + Ta\u015bma TTR do etykiet<\/p>\n","protected":false},"author":1,"featured_media":0,"parent":0,"menu_order":0,"comment_status":"closed","ping_status":"closed","template":"","meta":{"neve_meta_sidebar":"","neve_meta_container":"","neve_meta_enable_content_width":"","neve_meta_content_width":0,"neve_meta_title_alignment":"","neve_meta_author_avatar":"","neve_post_elements_order":"","neve_meta_disable_header":"","neve_meta_disable_footer":"","neve_meta_disable_title":"","_ti_tpc_template_sync":false,"_ti_tpc_template_id":"","footnotes":""},"class_list":["post-431","page","type-page","status-publish","hentry"],"_links":{"self":[{"href":"https:\/\/www.boramex.pl\/index.php?rest_route=\/wp\/v2\/pages\/431"}],"collection":[{"href":"https:\/\/www.boramex.pl\/index.php?rest_route=\/wp\/v2\/pages"}],"about":[{"href":"https:\/\/www.boramex.pl\/index.php?rest_route=\/wp\/v2\/types\/page"}],"author":[{"embeddable":true,"href":"https:\/\/www.boramex.pl\/index.php?rest_route=\/wp\/v2\/users\/1"}],"replies":[{"embeddable":true,"href":"https:\/\/www.boramex.pl\/index.php?rest_route=%2Fwp%2Fv2%2Fcomments&post=431"}],"version-history":[{"count":11,"href":"https:\/\/www.boramex.pl\/index.php?rest_route=\/wp\/v2\/pages\/431\/revisions"}],"predecessor-version":[{"id":685,"href":"https:\/\/www.boramex.pl\/index.php?rest_route=\/wp\/v2\/pages\/431\/revisions\/685"}],"wp:attachment":[{"href":"https:\/\/www.boramex.pl\/index.php?rest_route=%2Fwp%2Fv2%2Fmedia&parent=431"}],"curies":[{"name":"wp","href":"https:\/\/api.w.org\/{rel}","templated":true}]}}