{"id":75,"date":"2020-01-27T08:29:32","date_gmt":"2020-01-27T08:29:32","guid":{"rendered":"https:\/\/demosites.io\/web-agency-gb\/?page_id=75"},"modified":"2026-03-16T09:11:02","modified_gmt":"2026-03-16T08:11:02","slug":"15c42-web-agency-gb-contact-us","status":"publish","type":"page","link":"https:\/\/www.boramex.pl\/?page_id=75","title":{"rendered":"Kontakt"},"content":{"rendered":"\n<div class=\"wp-block-cover alignfull is-light\" style=\"min-height:300px;aspect-ratio:unset;\"><span aria-hidden=\"true\" class=\"wp-block-cover__background has-nv-site-bg-background-color has-background-dim\"><\/span><img loading=\"lazy\" decoding=\"async\" width=\"2560\" height=\"1702\" class=\"wp-block-cover__image-background wp-image-471\" alt=\"\" src=\"http:\/\/www.boramex.pl\/wp-content\/uploads\/2022\/09\/3641006-scaled.jpg\" style=\"object-position:52% 65%\" data-object-fit=\"cover\" data-object-position=\"52% 65%\" srcset=\"https:\/\/www.boramex.pl\/wp-content\/uploads\/2022\/09\/3641006-scaled.jpg 2560w, https:\/\/www.boramex.pl\/wp-content\/uploads\/2022\/09\/3641006-300x199.jpg 300w, https:\/\/www.boramex.pl\/wp-content\/uploads\/2022\/09\/3641006-1024x681.jpg 1024w, https:\/\/www.boramex.pl\/wp-content\/uploads\/2022\/09\/3641006-768x511.jpg 768w, https:\/\/www.boramex.pl\/wp-content\/uploads\/2022\/09\/3641006-1536x1021.jpg 1536w, https:\/\/www.boramex.pl\/wp-content\/uploads\/2022\/09\/3641006-2048x1362.jpg 2048w\" sizes=\"(max-width: 2560px) 100vw, 2560px\" \/><div class=\"wp-block-cover__inner-container is-layout-flow wp-block-cover-is-layout-flow\">\n<div class=\"wp-block-group\"><div class=\"wp-block-group__inner-container is-layout-flow wp-block-group-is-layout-flow\">\n<h1 class=\"wp-block-heading has-text-align-center has-text-align-left has-neve-text-color-color has-text-color\">Kontakt<\/h1>\n<\/div><\/div>\n<\/div><\/div>\n\n\n\n<div class=\"wp-block-cover alignfull\" style=\"min-height:954px;aspect-ratio:unset;\"><span aria-hidden=\"true\" class=\"wp-block-cover__background has-nv-light-bg-background-color has-background-dim-100 has-background-dim\"><\/span><div class=\"wp-block-cover__inner-container is-layout-flow wp-block-cover-is-layout-flow\">\n<div style=\"height:80px\" aria-hidden=\"true\" class=\"wp-block-spacer\"><\/div>\n\n\n\n<div class=\"wp-block-columns is-layout-flex wp-container-core-columns-is-layout-1 wp-block-columns-is-layout-flex\">\n<div class=\"wp-block-column ticss-4ce656f1 is-layout-flow wp-block-column-is-layout-flow\">\n<div style=\"height:24px\" aria-hidden=\"true\" class=\"wp-block-spacer\"><\/div>\n\n\n<div class=\"wp-block-image icon-style is-style-default\">\n<figure class=\"aligncenter size-full\"><img loading=\"lazy\" decoding=\"async\" width=\"65\" height=\"65\" src=\"http:\/\/www.boramex.pl\/wp-content\/uploads\/2021\/06\/email-sm.png\" alt=\"\" class=\"wp-image-315\"\/><\/figure><\/div>\n\n\n<h3 class=\"wp-block-heading has-text-align-center has-neve-text-color-color has-text-color has-medium-font-size\">E-FAX<\/h3>\n\n\n\n<p class=\"has-text-align-center has-neve-text-color-color has-text-color\" style=\"font-size:15px\">24 h \/ 7 <\/p>\n\n\n\n<p class=\"has-text-align-center has-neve-text-color-color has-text-color\" style=\"font-size:15px\">Po\u0142\u0105czenie FAX &#8211;&gt; MAIL<br>e-fax 71 314 48 79<\/p>\n\n\n\n<div style=\"height:24px\" aria-hidden=\"true\" class=\"wp-block-spacer\"><\/div>\n<\/div>\n\n\n\n<div class=\"wp-block-column ticss-a5b4df29 is-layout-flow wp-block-column-is-layout-flow\">\n<div style=\"height:24px\" aria-hidden=\"true\" class=\"wp-block-spacer\"><\/div>\n\n\n<div class=\"wp-block-image icon-style is-style-default\">\n<figure class=\"aligncenter size-large\"><img loading=\"lazy\" decoding=\"async\" width=\"49\" height=\"65\" src=\"http:\/\/www.boramex.pl\/wp-content\/uploads\/2021\/06\/location-sm.png\" alt=\"\" class=\"wp-image-305\"\/><\/figure><\/div>\n\n\n<h3 class=\"wp-block-heading has-text-align-center has-neve-text-color-color has-text-color has-medium-font-size\">Siedziba<\/h3>\n\n\n\n<p class=\"has-text-align-center has-nv-dark-bg-color has-text-color\" style=\"font-size:15px\">Wytw\u00f3rnia Artyku\u0142\u00f3w Spo\u017cywczych Boramex Antoni Borowik<br>Nip 911-000-81-60<br>Regon :<br>Spalice 56-400 \/k Ole\u015bnicy<br>ul. Oliwkowa 6<br><br>Tel. stacjonarny 71 314 48 67 <\/p>\n\n\n\n<p class=\"has-text-align-center\"><span class=\"blur_click\" style=\"color:black\">biuro(at)boramex.pl<\/span><\/p>\n\n\n\n<div style=\"height:24px\" aria-hidden=\"true\" class=\"wp-block-spacer\"><\/div>\n<\/div>\n\n\n\n<div class=\"wp-block-column ticss-f6fc7494 is-layout-flow wp-block-column-is-layout-flow\">\n<div style=\"height:24px\" aria-hidden=\"true\" class=\"wp-block-spacer\"><\/div>\n\n\n<div class=\"wp-block-image icon-style is-style-default\">\n<figure class=\"aligncenter size-full\"><img loading=\"lazy\" decoding=\"async\" width=\"63\" height=\"63\" src=\"http:\/\/www.boramex.pl\/wp-content\/uploads\/2021\/06\/phone-sm.png\" alt=\"\" class=\"wp-image-304\"\/><\/figure><\/div>\n\n\n<p class=\"has-text-align-center has-neve-text-color-color has-text-color has-medium-font-size\"><strong>MENAGER nr 1 <\/strong><\/p>\n\n\n\n<p class=\"has-text-align-center has-neve-text-color-color has-text-color has-medium-font-size\"><strong>Logistyka<\/strong><\/p>\n\n\n\n<p class=\"has-text-align-center has-neve-text-color-color has-text-color has-medium-font-size\"><strong>Transport<\/strong> <\/p>\n\n\n\n<p class=\"has-text-align-center has-neve-text-color-color has-text-color has-medium-font-size\"><strong>Zam\u00f3wienia &#8211; Realizacja<\/strong> <\/p>\n\n\n\n<p class=\"has-text-align-center has-neve-text-color-color has-text-color has-medium-font-size\"><strong> Faktoring<\/strong> <\/p>\n\n\n\n<p class=\"has-text-align-center has-neve-text-color-color has-text-color has-medium-font-size\"><strong>Technolog<\/strong><\/p>\n\n\n\n<p class=\"has-text-align-center has-neve-text-color-color has-text-color has-medium-font-size\"><strong> <strong>Dzia\u0142 IT<\/strong><\/strong><\/p>\n\n\n\n<p class=\"has-text-align-center has-neve-text-color-color has-text-color\" style=\"font-size:15px\">Dawid<br>tel.<\/p>\n\n\n\n<p class=\"has-text-align-center has-neve-text-color-color has-text-color\" style=\"font-size:15px\"> <span class=\"blur_click\" style=\"color:black\">506- 019 076<\/span><\/p>\n<\/div>\n\n\n\n<div class=\"wp-block-column ticss-a5b4df29 is-layout-flow wp-block-column-is-layout-flow\">\n<div style=\"height:24px\" aria-hidden=\"true\" class=\"wp-block-spacer\"><\/div>\n\n\n<div class=\"wp-block-image icon-style is-style-default\">\n<figure class=\"aligncenter size-medium is-resized\"><img loading=\"lazy\" decoding=\"async\" width=\"300\" height=\"235\" src=\"http:\/\/www.boramex.pl\/wp-content\/uploads\/2022\/09\/aktowka-300x235.png\" alt=\"\" class=\"wp-image-476\" style=\"width:75px;height:59px\" srcset=\"https:\/\/www.boramex.pl\/wp-content\/uploads\/2022\/09\/aktowka-300x235.png 300w, https:\/\/www.boramex.pl\/wp-content\/uploads\/2022\/09\/aktowka.png 334w\" sizes=\"(max-width: 300px) 100vw, 300px\" \/><\/figure><\/div>\n\n\n<h3 class=\"wp-block-heading has-text-align-center has-neve-text-color-color has-text-color has-medium-font-size\"><strong>MENAGER <\/strong> nr 2<\/h3>\n\n\n\n<h3 class=\"wp-block-heading has-text-align-center has-neve-text-color-color has-text-color has-medium-font-size\">Zapytania Ofertowe<\/h3>\n\n\n\n<h3 class=\"wp-block-heading has-text-align-center has-neve-text-color-color has-text-color has-medium-font-size\"><br>Kartony <\/h3>\n\n\n\n<h3 class=\"wp-block-heading has-text-align-center has-neve-text-color-color has-text-color has-medium-font-size\"> Folia  <\/h3>\n\n\n\n<h4 class=\"wp-block-heading has-text-align-center has-neve-text-color-color has-text-color has-medium-font-size\">Wysy\u0142ki paczki DPD <\/h4>\n\n\n\n<p class=\"has-text-align-center has-nv-dark-bg-color has-text-color\" style=\"font-size:15px\">\u0141ukasz<br>tel.<\/p>\n\n\n\n<p class=\"has-text-align-center has-nv-dark-bg-color has-text-color\" style=\"font-size:15px\"> <span class=\"blur_click\" style=\"color:black\">516- 68 88 68<\/span><\/p>\n\n\n\n<p class=\"has-text-align-center has-nv-dark-bg-color has-text-color\" style=\"font-size:15px\"><span class=\"blur_click\" style=\"color:black\">lborowik(at)boramex.pl<\/span><\/p>\n\n\n\n<div style=\"height:24px\" aria-hidden=\"true\" class=\"wp-block-spacer\"><\/div>\n<\/div>\n<\/div>\n<\/div><\/div>\n\n\n\n<div class=\"wp-block-columns is-layout-flex wp-container-core-columns-is-layout-2 wp-block-columns-is-layout-flex\">\n<div class=\"wp-block-column is-layout-flow wp-block-column-is-layout-flow\">\n<figure class=\"wp-block-pullquote\"><blockquote><p>Dzia\u0142 HR<\/p><cite>Zatrudnianie w Firmie: <br>Aktualne : <br>CV + Orzeczenie o grupie , <br>Aktualne orzeczenie do cel\u00f3w sanitarno-epidemiologicznych <br>w sprawie zapyta\u0144 :<br>Dorota <span class=\"blur_click\" style=\"color:black\"> 71 314 48 67<\/span><\/cite><\/blockquote><\/figure>\n<\/div>\n<\/div>\n\n\n\n<figure class=\"wp-block-pullquote\"><blockquote><p>Regulamin formularza kontaktowego<\/p><cite>Regulamin formularza kontaktowego<br>Wyra\u017cam zgod\u0119 na przetwarzanie moich danych osobowych przez <br>Wytw\u00f3rnia Artyku\u0142\u00f3w Spo\u017cywczych BORAMEX Antoni Borowik. z siedzib\u0105 w Spalice, ul. Oliwkowa 6 ,<br> NIP 9110008160 REGON 930009700,<br>  zgodnie z przepisami Rozporz\u0105dzenia Parlamentu Europejskiego i Rady (UE) 2016\/679 z dnia 27 kwietnia 2016 r. w sprawie ochrony os\u00f3b fizycznych w zwi\u0105zku z przetwarzaniem danych osobowych i w sprawie swobodnego przep\u0142ywu takich danych w celu i w zakresie niezb\u0119dnym do udzielenia odpowiedzi na zapytanie przes\u0142ane za pomoc\u0105 formularza na podstawie art. 6 ust. 1 pkt. a) w\/w Rozporz\u0105dzenia. Dane osobowe b\u0119d\u0105 przechowywane do czasu zako\u0144czenia korespondencji. O\u015bwiadczam, i\u017c zosta\u0142em\/am poinformowany\/a o przys\u0142uguj\u0105cym mi prawie dost\u0119pu do tre\u015bci moich danych oraz ich sprostowania, usuni\u0119cia, ograniczenia przetwarzania, przenoszenia, wniesienia sprzeciwu oraz cofni\u0119cia zgody w dowolnym momencie bez wp\u0142ywu na zgodno\u015b\u0107 z prawem przetwarzania, kt\u00f3rego dokonano na podstawie zgody przed jej cofni\u0119ciem, jak r\u00f3wnie\u017c o przys\u0142uguj\u0105cym mi prawie do wniesienia skargi do UODO. Zgoda ma charakter dobrowolny, jednak jej nieudzielenie spowoduje niemo\u017cno\u015b\u0107 odpowiedzi na przes\u0142ane zapytanie.<br>Po Wci\u015bni\u0119ciu &#8222;Wy\u015blij&#8221; akceptujesz Regulamin<\/cite><\/blockquote><\/figure>\n\n\n\n<p><\/p>\n\n\n<div class=\"wpforms-container wpforms-container-full\" id=\"wpforms-546\"><form id=\"wpforms-form-546\" class=\"wpforms-validate wpforms-form wpforms-ajax-form\" data-formid=\"546\" method=\"post\" enctype=\"multipart\/form-data\" action=\"\/index.php?rest_route=%2Fwp%2Fv2%2Fpages%2F75\" data-token=\"fef6d25399ebc4d913ff3aab7a549cf4\" data-token-time=\"1778996930\"><noscript class=\"wpforms-error-noscript\">Aby wype\u0142ni\u0107 ten formularz, w\u0142\u0105cz obs\u0142ug\u0119 JavaScript w przegl\u0105darce.<\/noscript><div class=\"wpforms-field-container\"><div id=\"wpforms-546-field_0-container\" class=\"wpforms-field wpforms-field-name\" data-field-id=\"0\"><label class=\"wpforms-field-label\" for=\"wpforms-546-field_0\">Imi\u0119 i nazwisko <span class=\"wpforms-required-label\">*<\/span><\/label><input type=\"text\" id=\"wpforms-546-field_0\" class=\"wpforms-field-medium wpforms-field-required\" name=\"wpforms[fields][0]\" required><\/div><div id=\"wpforms-546-field_1-container\" class=\"wpforms-field wpforms-field-email\" data-field-id=\"1\"><label class=\"wpforms-field-label\" for=\"wpforms-546-field_1\">Email <span class=\"wpforms-required-label\">*<\/span><\/label><input type=\"email\" id=\"wpforms-546-field_1\" class=\"wpforms-field-medium wpforms-field-required\" name=\"wpforms[fields][1]\" spellcheck=\"false\" required><\/div><div id=\"wpforms-546-field_2-container\" class=\"wpforms-field wpforms-field-textarea\" data-field-id=\"2\"><label class=\"wpforms-field-label\" for=\"wpforms-546-field_2\">Tre\u015b\u0107 wiadomo\u015bci<\/label><textarea id=\"wpforms-546-field_2\" class=\"wpforms-field-medium\" name=\"wpforms[fields][2]\" ><\/textarea><\/div><\/div><!-- .wpforms-field-container --><div class=\"wpforms-recaptcha-container wpforms-is-recaptcha wpforms-is-recaptcha-type-v3\" ><input type=\"hidden\" name=\"wpforms[recaptcha]\" value=\"\"><\/div><div class=\"wpforms-submit-container\" ><input type=\"hidden\" name=\"wpforms[id]\" value=\"546\"><input type=\"hidden\" name=\"page_title\" value=\"\"><input type=\"hidden\" name=\"page_url\" value=\"https:\/\/www.boramex.pl\/index.php?rest_route=%2Fwp%2Fv2%2Fpages%2F75\"><button type=\"submit\" name=\"wpforms[submit]\" id=\"wpforms-submit-546\" class=\"wpforms-submit\" data-alt-text=\"Wysy\u0142anie...\" data-submit-text=\"Wy\u015blij\" aria-live=\"assertive\" value=\"wpforms-submit\">Wy\u015blij<\/button><img loading=\"lazy\" decoding=\"async\" src=\"https:\/\/www.boramex.pl\/wp-content\/plugins\/wpforms-lite\/assets\/images\/submit-spin.svg\" class=\"wpforms-submit-spinner\" style=\"display: none;\" width=\"26\" height=\"26\" alt=\"Wczytywanie\"><\/div><\/form><\/div>  <!-- .wpforms-container -->\n\n\n\n<p><\/p>\n","protected":false},"excerpt":{"rendered":"<p>Dzia\u0142 HR Zatrudnianie w Firmie: Aktualne : CV + Orzeczenie o grupie , Aktualne orzeczenie do cel\u00f3w sanitarno-epidemiologicznych w sprawie zapyta\u0144 :Dorota Regulamin formularza kontaktowego Regulamin formularza kontaktowegoWyra\u017cam zgod\u0119 na przetwarzanie moich danych osobowych przez Wytw\u00f3rnia Artyku\u0142\u00f3w Spo\u017cywczych BORAMEX Antoni Borowik. z siedzib\u0105 w Spalice, ul. Oliwkowa 6 , NIP 9110008160 REGON 930009700, zgodnie z&hellip;&nbsp;<a href=\"https:\/\/www.boramex.pl\/?page_id=75\" class=\"\" rel=\"bookmark\">Dowiedz si\u0119 wi\u0119cej &raquo;<span class=\"screen-reader-text\">Kontakt<\/span><\/a><\/p>\n","protected":false},"author":1,"featured_media":0,"parent":0,"menu_order":0,"comment_status":"closed","ping_status":"closed","template":"","meta":{"neve_meta_sidebar":"default","neve_meta_container":"","neve_meta_enable_content_width":"on","neve_meta_content_width":100,"neve_meta_title_alignment":"","neve_meta_author_avatar":"","neve_post_elements_order":"","neve_meta_disable_header":"","neve_meta_disable_footer":"","neve_meta_disable_title":"on","_ti_tpc_template_sync":false,"_ti_tpc_template_id":"zuvhy18wufi8o2qqt4z7","footnotes":""},"class_list":["post-75","page","type-page","status-publish","hentry"],"_links":{"self":[{"href":"https:\/\/www.boramex.pl\/index.php?rest_route=\/wp\/v2\/pages\/75"}],"collection":[{"href":"https:\/\/www.boramex.pl\/index.php?rest_route=\/wp\/v2\/pages"}],"about":[{"href":"https:\/\/www.boramex.pl\/index.php?rest_route=\/wp\/v2\/types\/page"}],"author":[{"embeddable":true,"href":"https:\/\/www.boramex.pl\/index.php?rest_route=\/wp\/v2\/users\/1"}],"replies":[{"embeddable":true,"href":"https:\/\/www.boramex.pl\/index.php?rest_route=%2Fwp%2Fv2%2Fcomments&post=75"}],"version-history":[{"count":73,"href":"https:\/\/www.boramex.pl\/index.php?rest_route=\/wp\/v2\/pages\/75\/revisions"}],"predecessor-version":[{"id":935,"href":"https:\/\/www.boramex.pl\/index.php?rest_route=\/wp\/v2\/pages\/75\/revisions\/935"}],"wp:attachment":[{"href":"https:\/\/www.boramex.pl\/index.php?rest_route=%2Fwp%2Fv2%2Fmedia&parent=75"}],"curies":[{"name":"wp","href":"https:\/\/api.w.org\/{rel}","templated":true}]}}